{"id":90,"date":"2021-01-29T11:27:52","date_gmt":"2021-01-29T10:27:52","guid":{"rendered":"http:\/\/www.ilserveronline.net\/fdc2020\/?page_id=90"},"modified":"2021-09-17T15:41:00","modified_gmt":"2021-09-17T13:41:00","slug":"il-fondo-di-mirabella-imbaccari","status":"publish","type":"page","link":"https:\/\/www.ilserveronline.net\/fdc2020\/il-fondo-di-mirabella-imbaccari\/","title":{"rendered":"Il Fondo di Mirabella Imbaccari"},"content":{"rendered":"<div align=\"justify\">\n<p>Conosciuto come il \u201cCastello\u201d di Mirabella Imbaccari (Catania), il <strong>Palazzo Biscari<\/strong> \u00e8 stato ceduto, con atto notarile del luglio 2014, alla Fondazione di Comunit\u00e0 di Messina dalle Suore Dorotee di Santa Paola Frassinetti, che lo hanno gestito per pi\u00f9 di un secolo.<\/p>\n<p>Il complesso monumentale apparteneva, infatti, fino ai primi anni del Novecento ai Principi Patern\u00f2 Biscari di Sicilia. Gli ultimi eredi di tale dinastia, a seguito di una profonda conversione religiosa, sciolsero le promesse matrimoniali e, prima di prendere i voti, decisero di donare tutti i propri beni. La residenza di Mirabella Imbaccari fu donata alle suore dorotee, presso le cui scuole aveva studiato la principessa Angelica.<\/p>\n<p>I Principi, prima di abbandonare la vita mondana e quindi anche Mirabella, chiesero alle suore Dorotee, con profetica contemporaneit\u00e0, di operare per lo sviluppo di quel territorio. Cos\u00ec le suore, esperte di lavorazioni di pizzo a tombolo, trasferirono i loro saperi alle donne del luogo. Per molti decenni successivi l&#8217;economia del territorio fu centrata sull&#8217;agricoltura (come molte aree interne della Sicilia) e sulla produzione al femminile dei pizzi a tombolo divenuti famosi nel mondo.<\/p>\n<p>Fenomeni di globalizzazione e la meccanizzazione dei processi produttivi hanno reso non competitivi, nelle forme organizzative tradizionali, entrambi questi settori economici.<\/p>\n<p>Le suore Dorotee, volendo reinterpretare in termini contemporanei la propria \u201cvocazione\u201d e desiderando fino in fondo onorare la volont\u00e0 dei Principi, hanno scelto di donare nel 2014 alla Fondazione di Comunit\u00e0 il complesso nobiliare, chiedendo alla Fondazione di contribuire a fare del Palazzo un \u201cbene comune\u201d propulsore di sviluppo umano del territorio.<\/p>\n<p>Coerentemente con le finalit\u00e0 del Fondo, la Fondazione di Comunit\u00e0 ha trasformato Palazzo Biscari nel \u201c<strong>Parco dei Saperi<\/strong>\u201d, nodo internazionale dell\u2019infrastrutturazione educativa a rete denominata <a href=\"https:\/\/www.ilserveronline.net\/fdc2020\/i-parchi-della-bellezza-e-della-scienza\/\"><strong>&#8220;I Parchi della Bellezza e della Scienza&#8221;<\/strong><\/a>.<\/p>\n<p>L\u2019Organizzazione del Parco dei Saperi \u00e8 esplicitamente ispirata a paradigmi di complessit\u00e0 e funzionalmente \u00e8 organizzata in pi\u00f9 aree fra loro fortemente correlate:<\/p>\n<ul>\n<li><strong>L\u2019area dei saperi, della formazione e della ricerca<\/strong> si articola in un campus residenziale e in un sistema archivistico organizzato nelle antiche scuderie del Palazzo. Il campus \u00e8 la sede dei percorsi nazionali e internazionali della Scuola Euro Mediterranea di Economia Responsabile di Bellezza e di Pace, realizzata in collaborazione con le principali reti dell\u2019economia sociale e della finanza etica Europea; della <em>summer school<\/em> di restauro e conservazione dell\u2019arte contemporanea, che vede quale responsabile scientifico Luciano Pensabene, Conservatore della <a href=\"https:\/\/www.guggenheim-venice.it\/it\/il-museo\/fondazione\/\">Fondazione Guggenheim<\/a>; di un centro di ricerca e innovazione sulle tecnologie ICT;<\/li>\n<li><strong>L\u2019area dei saperi del fare <\/strong>si articola in laboratori sociali sul pizzo a tombolo e sulle produzioni tradizionali delle ceramiche. L\u2019azione del Parco \u00e8 quella di attrarre talenti creativi per connettere tali produzioni artigianali tradizionali con le pi\u00f9 avanzate esperienze di design internazionale;<\/li>\n<li><strong>L\u2019area dei saperi della relazione<\/strong> si articola in percorsi didattici fortemente innovativi e in spazi aperti alla creativit\u00e0 e alla socializzazione del territorio. Di particolare pregio il percorso denominato \u201cQuello che resta\u201d, che attraverso sale immersive, quadrerie storiche, istallazioni d\u2019arte contemporanea e spazi attivi esplora il salto di paradigma culturale fra modernit\u00e0 e post-modernit\u00e0. Unico percorso didattico interattivo sulla filosofia della scienza e della conoscenza.<\/li>\n<\/ul>\n<p><a href=\"https:\/\/vimeo.com\/397633149\"><strong>Qui<\/strong><\/a> il trailer de <strong>&#8220;Il Palazzo&#8221;<\/strong>, film con cui Alberto Valtellina ripercorre la storia di Palazzo Biscari.<\/p>\n<p>&nbsp;<\/p>\n<p>&nbsp;<\/p>\n<\/div>\n","protected":false},"excerpt":{"rendered":"<p>Conosciuto come il \u201cCastello\u201d di Mirabella Imbaccari (Catania), il Palazzo Biscari \u00e8 stato ceduto, con atto notarile del luglio 2014, alla Fondazione di Comunit\u00e0 di Messina dalle Suore Dorotee di<\/p>\n","protected":false},"author":1,"featured_media":0,"parent":0,"menu_order":70,"comment_status":"closed","ping_status":"closed","template":"","meta":{"footnotes":""},"class_list":["post-90","page","type-page","status-publish","hentry"],"_links":{"self":[{"href":"https:\/\/www.ilserveronline.net\/fdc2020\/wp-json\/wp\/v2\/pages\/90","targetHints":{"allow":["GET"]}}],"collection":[{"href":"https:\/\/www.ilserveronline.net\/fdc2020\/wp-json\/wp\/v2\/pages"}],"about":[{"href":"https:\/\/www.ilserveronline.net\/fdc2020\/wp-json\/wp\/v2\/types\/page"}],"author":[{"embeddable":true,"href":"https:\/\/www.ilserveronline.net\/fdc2020\/wp-json\/wp\/v2\/users\/1"}],"replies":[{"embeddable":true,"href":"https:\/\/www.ilserveronline.net\/fdc2020\/wp-json\/wp\/v2\/comments?post=90"}],"version-history":[{"count":19,"href":"https:\/\/www.ilserveronline.net\/fdc2020\/wp-json\/wp\/v2\/pages\/90\/revisions"}],"predecessor-version":[{"id":2258,"href":"https:\/\/www.ilserveronline.net\/fdc2020\/wp-json\/wp\/v2\/pages\/90\/revisions\/2258"}],"wp:attachment":[{"href":"https:\/\/www.ilserveronline.net\/fdc2020\/wp-json\/wp\/v2\/media?parent=90"}],"curies":[{"name":"wp","href":"https:\/\/api.w.org\/{rel}","templated":true}]}}