{"id":2512,"date":"2021-12-14T09:17:05","date_gmt":"2021-12-14T08:17:05","guid":{"rendered":"http:\/\/www.ilserveronline.net\/fdc2020\/?page_id=2512"},"modified":"2021-12-14T09:23:26","modified_gmt":"2021-12-14T08:23:26","slug":"i-riconoscimenti","status":"publish","type":"page","link":"https:\/\/www.ilserveronline.net\/fdc2020\/i-riconoscimenti\/","title":{"rendered":"I Riconoscimenti"},"content":{"rendered":"<p><span style=\"font-weight: 400;\">L\u2019operativit\u00e0 della Fondazione di Comunit\u00e0 di Messina \u00e8 oggi considerata altamente innovativa, tanto che essa \u00e8 considerata uno dei casi studio pi\u00f9 interessanti d&#8217;Europa:<\/span><\/p>\n<p>&nbsp;<\/p>\n<ul>\n<li style=\"font-weight: 400;\" aria-level=\"1\"><span style=\"font-weight: 400;\">dalla principale rete europea di citt\u00e0 e regioni per l\u2019economia sociale &#8211; <\/span><b>REVES<\/b><span style=\"font-weight: 400;\">,<\/span><\/li>\n<li style=\"font-weight: 400;\" aria-level=\"1\"><span style=\"font-weight: 400;\">dalla Federazione Europea delle Banche Etiche e Alternative &#8211; <\/span><b>FEBEA<\/b><span style=\"font-weight: 400;\"> &#8211; che l\u2019ha selezionata per il proprio \u201cAtlas of job creation &#8211; good practices for social inclusion\u201d<\/span><\/li>\n<li style=\"font-weight: 400;\" aria-level=\"1\"><span style=\"font-weight: 400;\">dall\u2019archivio sulla generativit\u00e0 in Italia, denominato <\/span><b><i>genius loci<\/i><\/b><b>, curato dalla Fondazione Sturzo<\/b><span style=\"font-weight: 400;\">, in collaborazione con la rivista specializzata Vita,<\/span><\/li>\n<li style=\"font-weight: 400;\" aria-level=\"1\"><span style=\"font-weight: 400;\">dall\u2019<\/span><b>OCSE<\/b><span style=\"font-weight: 400;\">, nell\u2019ambito del programma LEED,<\/span><\/li>\n<li style=\"font-weight: 400;\" aria-level=\"1\"><span style=\"font-weight: 400;\">dalla <\/span><b>Kip International School<\/b><span style=\"font-weight: 400;\"> (Conoscenza, Innovazione, Politiche e Pratiche Territoriali per gli Obiettivi di Lotta alla Povert\u00e0 della Piattaforma del Millennio delle Nazioni Unite), che ha riconosciuto la Fondazione quale esperienza matura di sviluppo territoriale integrato e quale luogo di ricerca e produzione di nuovi strumenti di conoscenza e d\u2019azione. Per questa ragione la scuola internazionale ha incorporato la Fondazione di Comunit\u00e0 di Messina quale parte della propria rete mondiale di strutture di ricerca e formazione;<\/span><\/li>\n<li style=\"font-weight: 400;\" aria-level=\"1\"><span style=\"font-weight: 400;\">dalla <\/span><b>Global Alliance for Banking on Values<\/b><span style=\"font-weight: 400;\">, che ha scelto la Fondazione, unica storia italiana, tra le 23 segnalate in tutto il mondo per il livello di innovazione sociale e di efficacia nel promuovere sviluppo umano.\u00a0<\/span><\/li>\n<\/ul>\n<p><b>Fra le <\/b><a href=\"https:\/\/fdcmessina.org\/le-reti\/\"><b>reti<\/b><\/a><b> di cui \u00e8 parte attiva, vi \u00e8 anche <\/b><a href=\"https:\/\/www.foundations-20.org\/\"><b>Foundations Platform F20.\u00a0<\/b><\/a><span style=\"font-weight: 400;\">Si tratta di una rete di oltre 60 fondazioni e organizzazioni filantropiche di diverse parti del mondo, che richiedono un\u2019azione congiunta e transnazionale verso lo sviluppo sostenibile, insieme a esempi di trasformazione positiva per fornire percorsi verso soluzioni delle sfide pi\u00f9 urgenti di oggi: cambiamento climatico e una transizione giusta verso uno sviluppo sostenibile, basato sulle energie rinnovabili. L\u2019F20 costruisce ponti tra la societ\u00e0 civile, il settore economico e finanziario, i gruppi di riflessione e la politica, all\u2019interno dei paesi del G20, tra loro e oltre.\u00a0<\/span><b>La Fondazione di Comunit\u00e0 di Messina \u00e8 fra i pochissimi soggetti non profit soci di<\/b><span style=\"font-weight: 400;\">\u00a0<\/span><b>Foundations Platform F20.<\/b><\/p>\n","protected":false},"excerpt":{"rendered":"<p>L\u2019operativit\u00e0 della Fondazione di Comunit\u00e0 di Messina \u00e8 oggi considerata altamente innovativa, tanto che essa \u00e8 considerata uno dei casi studio pi\u00f9 interessanti d&#8217;Europa: &nbsp; dalla principale rete europea di<\/p>\n","protected":false},"author":1,"featured_media":0,"parent":0,"menu_order":18,"comment_status":"closed","ping_status":"closed","template":"","meta":{"footnotes":""},"class_list":["post-2512","page","type-page","status-publish","hentry"],"_links":{"self":[{"href":"https:\/\/www.ilserveronline.net\/fdc2020\/wp-json\/wp\/v2\/pages\/2512","targetHints":{"allow":["GET"]}}],"collection":[{"href":"https:\/\/www.ilserveronline.net\/fdc2020\/wp-json\/wp\/v2\/pages"}],"about":[{"href":"https:\/\/www.ilserveronline.net\/fdc2020\/wp-json\/wp\/v2\/types\/page"}],"author":[{"embeddable":true,"href":"https:\/\/www.ilserveronline.net\/fdc2020\/wp-json\/wp\/v2\/users\/1"}],"replies":[{"embeddable":true,"href":"https:\/\/www.ilserveronline.net\/fdc2020\/wp-json\/wp\/v2\/comments?post=2512"}],"version-history":[{"count":2,"href":"https:\/\/www.ilserveronline.net\/fdc2020\/wp-json\/wp\/v2\/pages\/2512\/revisions"}],"predecessor-version":[{"id":2522,"href":"https:\/\/www.ilserveronline.net\/fdc2020\/wp-json\/wp\/v2\/pages\/2512\/revisions\/2522"}],"wp:attachment":[{"href":"https:\/\/www.ilserveronline.net\/fdc2020\/wp-json\/wp\/v2\/media?parent=2512"}],"curies":[{"name":"wp","href":"https:\/\/api.w.org\/{rel}","templated":true}]}}