{"id":2510,"date":"2021-12-14T09:16:22","date_gmt":"2021-12-14T08:16:22","guid":{"rendered":"http:\/\/www.ilserveronline.net\/fdc2020\/?page_id=2510"},"modified":"2021-12-14T09:23:17","modified_gmt":"2021-12-14T08:23:17","slug":"gli-impatti","status":"publish","type":"page","link":"https:\/\/www.ilserveronline.net\/fdc2020\/gli-impatti\/","title":{"rendered":"Gli Impatti"},"content":{"rendered":"<p><span style=\"font-weight: 400;\">In dieci anni, il patrimonio della Fondazione \u00e8 cresciuto da 500.000 \u20ac a oltre 13 milioni di \u20ac e attraverso il suo approccio \u00e8 stata in grado di implementare:\u00a0<\/span><\/p>\n<p>&nbsp;<\/p>\n<ul>\n<li style=\"font-weight: 400;\" aria-level=\"1\"><b>Programmi articolati di riqualificazione urbana e dei beni comuni<\/b><span style=\"font-weight: 400;\">: ha coordinato e finanziato la ristrutturazione e la rifunzionalizzazione di 7 aree di rilevante valore storico, architettonico e\/o naturalistico, abbandonate o confiscate alla mafia, attorno a cui sono nati cluster socio-economici generativi di alternative sulle principali aree dei funzionamenti umani per le fasce pi\u00f9 deboli della popolazione:\u00a0<\/span><\/li>\n<\/ul>\n<p>&nbsp;<\/p>\n<ol>\n<li><b> Forte Petrazza <\/b><span style=\"font-weight: 400;\">a Messina, parte di un sistema militare difensivo costruito tra il 1888 e il 1903, poi abbandonato e abusivamente occupato dalla criminalit\u00e0 locale. \u00c8 stato riqualificato e ospita ora la sede della Fondazione e di diverse altre organizzazioni sociali.<\/span><\/li>\n<li><b> Area Monumentale di Capo Peloro<\/b><span style=\"font-weight: 400;\">, nell&#8217;estrema punta nord-occidentale della Sicilia: ospita un ex poligono di tiro e un faro costruito in epoca romana. L&#8217;intera area era stata abbandonata e utilizzata come discarica abusiva, diventando anche un&#8217;area di spaccio di droga. \u00c8 stata rigenerata, diventando un sito naturale protetto, e oggi ospita un centro di ricerca scientifica e culturale ed un museo di arte contemporanea.<\/span><\/li>\n<li><b> Palazzo Biscari<\/b><span style=\"font-weight: 400;\">, castello nobiliare di Mirabella Imbaccari, edificato nel XVII secolo e donato alla Fondazione. \u00c8 stato ristrutturato e diventer\u00e0 un fulcro per lo sviluppo locale dell&#8217;intera area.<\/span><\/li>\n<li><b> Santa Marina di Salina<\/b><span style=\"font-weight: 400;\">, nell&#8217;arcipelago delle Eolie. Due palazzi signorili di propriet\u00e0 di una delle famiglie storiche dell&#8217;isola sono stati donati alla Fondazione, che li sta ristrutturando per ospitare attivit\u00e0 sociali e culturali per favorire lo sviluppo sostenibile della comunit\u00e0 locale.<\/span><\/li>\n<li><b><\/b><span style=\"font-weight: 400;\"> La baraccopoli di <\/span><b>Fondo Sacc\u00e0<\/b><span style=\"font-weight: 400;\"> a Messina. Dal lato infrastrutturale, parte della baraccopoli \u00e8 stata smantellata e al suo posto sono stati creati un parco urbano e un condominio orizzontale in cui sono state implementate le pi\u00f9 avanzate soluzioni tecnologiche ed architettoniche per ottenere le pi\u00f9 alte performance di efficienza energetica. L&#8217;edificio ospita famiglie svantaggiate e servizi educativi per la comunit\u00e0. Di recente l\u2019ultima parte della baraccopoli \u00e8 stata demolita grazie al <\/span><a href=\"https:\/\/fdcmessina.org\/2021\/08\/26\/capacity-la-liberazione-di-fondo-sacca\/\"><span style=\"font-weight: 400;\">Programma di Riqualificazione urbana Capacity,<\/span><\/a><span style=\"font-weight: 400;\"> di cui \u00e8 capofila il Comune di Messina e la Fondazione coideatore,\u00a0 partner strategico e tecnico. Tutte le famiglie residenti hanno potuto scegliere una abitazione in zone diverse della citt\u00e0 e in molti casi hanno potuto comprarla grazie a un \u201cCapitale Personale di Capacitazione\u201d, un contributo una tantum entro una cifra tetto. Il processo ha anche in parte riguardato la baraccopoli di Fondo Fucile;<\/span><\/li>\n<li><b> Novara di Sicilia<\/b><span style=\"font-weight: 400;\">. In questo piccolo borgo storico in una zona interna della Sicilia, parte della rete dei &#8220;Borghi pi\u00f9 belli d&#8217;Italia\u201d, alcuni edifici sono stati donati alla Fondazione, che li sta trasformando in un hub per realizzare le sue politiche di sviluppo locale sostenibile, contrastando lo spopolamento;\u00a0<\/span><\/li>\n<li><b>7<\/b><span style=\"font-weight: 400;\">. <\/span><b><\/b><span style=\"font-weight: 400;\"> Qui la Fondazione, oltre a mettere in campo, in partnership con il Comune di Roccavaldina, un intervento di land art per la ristrutturazione artistica di capannoni artigianali abbandonati, sta cominciando a sperimentare ricerca e produzione di bioplastiche dai residui di lavorazione della birra\u00a0<\/span><\/li>\n<\/ol>\n<p>&nbsp;<\/p>\n<ul>\n<li style=\"font-weight: 400;\" aria-level=\"1\"><b>Azioni per lo sviluppo dell&#8217;economia sociale e solidale <\/b><span style=\"font-weight: 400;\">e la promozione dei principi di consumo responsabile: ha sostenuto e finanziato la fase di start-up e \/ o consolidamento di circa 120 imprese e microimprese, corrispondenti a oltre 400 posti di lavoro creati e \/ o consolidati, di cui quasi 100 per persone altamente svantaggiate, nei seguenti settori:\u00a0<\/span><\/li>\n<\/ul>\n<ul>\n<li style=\"font-weight: 400;\" aria-level=\"1\"><span style=\"font-weight: 400;\">\u00a0<\/span><\/li>\n<\/ul>\n<p><b>* <\/b><b><i>il settore delle energie rinnovabil<\/i><\/b><i><span style=\"font-weight: 400;\">i<\/span><\/i><span style=\"font-weight: 400;\">. Per esempio: la Fondazione ha creato un parco solare condiviso da 1,4 MW, coinvolgendo numerose famiglie e organizzazioni locali che hanno messo a disposizione i propri tetti. Diverse persone svantaggiate hanno seguito un percorso di inserimento lavorativo per seguire le installazioni e la manutenzione degli impianti;<\/span><\/p>\n<p>&nbsp;<\/p>\n<p><span style=\"font-weight: 400;\">* <\/span><b><i>il settore dell&#8217;innovazione tecnologica<\/i><\/b><span style=\"font-weight: 400;\"> Per esempio: sono state promosse diverse imprese culturali, puntando sull&#8217;innovazione per la valorizzazione del patrimonio culturale, ad esempio attraverso la produzione di scenografie immersive e interattive;<\/span><\/p>\n<p><span style=\"font-weight: 400;\">* <\/span><b><i>il settore del design e della moda<\/i><\/b><span style=\"font-weight: 400;\">. Per esempio:\u00a0 la Fondazione ha sostenuto la creazione di diverse imprese femminili nel campo della moda etica (abiti da sposa, accessori moda vegani, merletti a tombolo tradizionali, ecc.);<\/span><\/p>\n<p><span style=\"font-weight: 400;\">* <\/span><b><i>il settore alimentare e delle bevande<\/i><\/b><span style=\"font-weight: 400;\">. Per esempio: a Fondazione ha sostenuto il rilancio da parte dei lavoratori dello storico birrificio di Messina, fondato nel 1923 e portato al fallimento nei primi anni 2000. La Fondazione ha accompagnato 15 ex-operai in tutte le fasi, creando una cooperativa che ha fatto ripartire la produzione di birra.<\/span><\/p>\n<p><span style=\"font-weight: 400;\">&#8211; <\/span><b>La Fondazione ha avviato diversi<\/b> <b>spin-off<\/b><span style=\"font-weight: 400;\">, che forniscono ulteriore supporto tecnico all&#8217;implementazione delle sue politiche. I principali sono:<\/span><\/p>\n<p>&nbsp;<\/p>\n<ul>\n<li style=\"font-weight: 400;\" aria-level=\"1\"><b>MECC<\/b><span style=\"font-weight: 400;\">, societ\u00e0 cooperativa di microcredito registrata come impresa sociale. Attraverso i suoi servizi l&#8217;istituzione sostiene il rafforzamento e lo sviluppo di: nuove imprese dell&#8217;economia sociale; posti di lavoro a lungo termine; inclusione sociale ed economica di persone svantaggiate; reti di economia sociale<\/span><i><span style=\"font-weight: 400;\">.<\/span><\/i><\/li>\n<\/ul>\n<ul>\n<li style=\"font-weight: 400;\" aria-level=\"1\"><b>Solidarity &amp; Energy S.p.A<\/b><span style=\"font-weight: 400;\">., una Energy Service Company (ESCo) registrata come impresa sociale e impegnata nella fornitura di soluzioni energetiche (progettazione, installazione, gestione e manutenzione di impianti fotovoltaici; interventi di efficientamento dell&#8217;illuminazione industriale e pubblica; creazione di comunit\u00e0 energetiche; iniziative e progetti per contrastare la povert\u00e0 energetica) con un approccio fortemente sociale: il suo profitto \u00e8 destinato al finanziamento di progetti di sviluppo sociale nelle aree in cui fornisce i propri servizi.<\/span><\/li>\n<\/ul>\n<p>&nbsp;<\/p>\n<ul>\n<li style=\"font-weight: 400;\" aria-level=\"1\"><b>Programmi di trasferimento tecnologico <\/b><span style=\"font-weight: 400;\">volti a sostenere lo sviluppo umano sostenibile e ad affrontare le disuguaglianze. Numerosi istituti di ricerca a livello nazionale e internazionale collaborano stabilmente con la Fondazione. Sono stati creati, testati o in fase di sperimentazione una decina di prototipi, tutti a sostegno della transizione verde e della lotta alle disuguaglianze e alla povert\u00e0. Di seguito sono riportati alcuni esempi:<\/span><\/li>\n<\/ul>\n<p>&nbsp;<\/p>\n<ul>\n<li style=\"font-weight: 400;\" aria-level=\"1\"><b><i>Prototipo per la micro generazione di energia dalle correnti marine.<\/i><\/b><span style=\"font-weight: 400;\"> Il primo a essere connesso alla rete nazionale. Progetto sviluppato sotto l&#8217;egida dell&#8217;ONU\/UNIDO in collaborazione con il CNR-ITAE.<\/span><\/li>\n<\/ul>\n<p>&nbsp;<\/p>\n<ul>\n<li style=\"font-weight: 400;\" aria-level=\"1\"><b><i>Prototipo di celle fotovoltaiche di terza generazione per la produzione di energia da coloranti organici e non organici<\/i><\/b><i><span style=\"font-weight: 400;\">.<\/span><\/i><span style=\"font-weight: 400;\"> Progetto sviluppato in collaborazione con il CNR-IPCF<\/span><i><span style=\"font-weight: 400;\">.<\/span><\/i><\/li>\n<\/ul>\n<p>&nbsp;<\/p>\n<ul>\n<li style=\"font-weight: 400;\" aria-level=\"1\"><b><i>Sistemi avanzati di monitoraggio ambientale per l&#8217;efficienza energetica e la salute<\/i><\/b><span style=\"font-weight: 400;\">. Progetto sviluppato con il M.I.T. di Boston e con il Dipartimento di Ingegneria dell&#8217;Universit\u00e0 degli Studi di Messina.<\/span><\/li>\n<\/ul>\n<p>&nbsp;<\/p>\n<ul>\n<li style=\"font-weight: 400;\" aria-level=\"1\"><b><i>Sistema di microgrid per constrastare la povert\u00e0 energetica nelle comunit\u00e0 energetiche attraverso processi di accumulo e mutualizzazione dell&#8217;energia basati su algoritmi sociali.<\/i><\/b><span style=\"font-weight: 400;\"> Progetto sviluppato in collaborazione con il CNR-ITAE. \u00c8 stato citato nel contry report 2019 della \u201cSmart Grids innovation challenge&#8221; relativamente all&#8217;iniziativa internazionale MISSION INNOVATION.<\/span><\/li>\n<\/ul>\n<p>&nbsp;<\/p>\n<ul>\n<li style=\"font-weight: 400;\" aria-level=\"1\"><b>Programmi di sostegno sociale personalizzati per oltre 700 persone<\/b><span style=\"font-weight: 400;\">, all&#8217;interno di programmi articolati che generano per loro alternative sui principali ambiti del funzionamento umano. Qualche esempio:<\/span><\/li>\n<\/ul>\n<ul>\n<li style=\"font-weight: 400;\" aria-level=\"1\"><b>60 ex-internati dell\u2019Ospedale Psichiatrico Giudiziario di Barcellona Pozzo di Gotto<\/b> <b>sono stati accompagnati per il loro reintegro nella societ\u00e0.<\/b><span style=\"font-weight: 400;\"> Oggi vivono liberi e, valorizzando le loro competenze e capacit\u00e0, hanno progressivamente conquistato i principali diritti di cittadinanza (casa, lavoro, socialit\u00e0, conoscenza);<\/span><\/li>\n<\/ul>\n<p>&nbsp;<\/p>\n<ul>\n<li style=\"font-weight: 400;\" aria-level=\"1\"><b>Oltre 200 famiglie (circa 650 persone, tra cui molti bambini) hanno lasciato le baraccopoli di Fondo Sacc\u00e0 e di Fondo Fucile a Messina<\/b><span style=\"font-weight: 400;\"> e hanno riacquistato il diritto alla casa e a una vita dignitosa, attraverso un complesso programma di riqualificazione urbana che ha generato per loro nuove opportunit\u00e0 di scelta.<\/span><\/li>\n<\/ul>\n<p><i><span style=\"font-weight: 400;\">Concentrandosi sulla questione abitativa, il programma di riqualificazione ha offerto due possibili alternative ai beneficiari. La prima soluzione consiste nell&#8217;acquisto di case sul mercato privato da parte del Comune, che poi le assegna ai beneficiari attraverso un processo partecipativo, mantenendone la propriet\u00e0. La seconda opzione consiste nell&#8217;attribuzione di un cosiddetto \u201cbudget di capacitazione personale&#8221;: un importo forfettario assegnato al beneficiario come contributo per l&#8217;acquisto della casa sul mercato privato, spesso integrato da un finanziamento. In questa soluzione il beneficiario diventa quindi proprietario della casa.<\/span><\/i><\/p>\n<p><i><span style=\"font-weight: 400;\">Dato che i beneficiari provengono da un contesto fortemente degradato, sono stati accompagnati dagli esperti tecnici e sociali della Fondazione per comprendere appieno le due opzioni che sono state offerte, al fine di essere pienamente consapevoli delle implicazioni di tali opzioni (ad esempio, ottenere un prestito) e lasciare che facciano una scelta consapevole in base alle proprie preferenze personali.<\/span><\/i><\/p>\n<p>&nbsp;<\/p>\n<ul>\n<li style=\"font-weight: 400;\" aria-level=\"1\"><b>Produzioni culturali di alta qualit\u00e0 e processi di internazionalizzazione <\/b><span style=\"font-weight: 400;\">volti ad attrarre talenti creativi e tecnico-scientifici, e sviluppare i talenti locali. Di seguito sono riportati alcuni esempi:<\/span><\/li>\n<\/ul>\n<ul>\n<li style=\"font-weight: 400;\" aria-level=\"1\"><span style=\"font-weight: 400;\">La Fondazione co-organizza e co-finanzia ogni anno <\/span><b>l\u2019Horcynus Festival,<\/b><span style=\"font-weight: 400;\"> un festival euro-mediterraneo, dedicato alle arti performative;<\/span><\/li>\n<li style=\"font-weight: 400;\" aria-level=\"1\"><span style=\"font-weight: 400;\">Ha realizzato il primo museo d&#8217;arte contemporanea a Messina, il <\/span><b>MACHO,<\/b><span style=\"font-weight: 400;\"> ristrutturando uno storico faro di epoca romana;<\/span><\/li>\n<li style=\"font-weight: 400;\" aria-level=\"1\"><span style=\"font-weight: 400;\">Ha prodotto un film, <\/span><b>Primula Rossa<\/b><span style=\"font-weight: 400;\">, basato sulle storie degli internati del locale Ospedale Psichiatrico Giudiziario reintegrati nella societ\u00e0.<\/span><\/li>\n<\/ul>\n","protected":false},"excerpt":{"rendered":"<p>In dieci anni, il patrimonio della Fondazione \u00e8 cresciuto da 500.000 \u20ac a oltre 13 milioni di \u20ac e attraverso il suo approccio \u00e8 stata in grado di implementare:\u00a0 &nbsp;<\/p>\n","protected":false},"author":1,"featured_media":0,"parent":0,"menu_order":20,"comment_status":"closed","ping_status":"closed","template":"","meta":{"footnotes":""},"class_list":["post-2510","page","type-page","status-publish","hentry"],"_links":{"self":[{"href":"https:\/\/www.ilserveronline.net\/fdc2020\/wp-json\/wp\/v2\/pages\/2510","targetHints":{"allow":["GET"]}}],"collection":[{"href":"https:\/\/www.ilserveronline.net\/fdc2020\/wp-json\/wp\/v2\/pages"}],"about":[{"href":"https:\/\/www.ilserveronline.net\/fdc2020\/wp-json\/wp\/v2\/types\/page"}],"author":[{"embeddable":true,"href":"https:\/\/www.ilserveronline.net\/fdc2020\/wp-json\/wp\/v2\/users\/1"}],"replies":[{"embeddable":true,"href":"https:\/\/www.ilserveronline.net\/fdc2020\/wp-json\/wp\/v2\/comments?post=2510"}],"version-history":[{"count":2,"href":"https:\/\/www.ilserveronline.net\/fdc2020\/wp-json\/wp\/v2\/pages\/2510\/revisions"}],"predecessor-version":[{"id":2521,"href":"https:\/\/www.ilserveronline.net\/fdc2020\/wp-json\/wp\/v2\/pages\/2510\/revisions\/2521"}],"wp:attachment":[{"href":"https:\/\/www.ilserveronline.net\/fdc2020\/wp-json\/wp\/v2\/media?parent=2510"}],"curies":[{"name":"wp","href":"https:\/\/api.w.org\/{rel}","templated":true}]}}