{"id":2508,"date":"2021-12-14T09:15:47","date_gmt":"2021-12-14T08:15:47","guid":{"rendered":"http:\/\/www.ilserveronline.net\/fdc2020\/?page_id=2508"},"modified":"2021-12-14T09:23:06","modified_gmt":"2021-12-14T08:23:06","slug":"lapproccio-delle-capacitazioni","status":"publish","type":"page","link":"https:\/\/www.ilserveronline.net\/fdc2020\/lapproccio-delle-capacitazioni\/","title":{"rendered":"L&#8217;approccio delle &#8220;Capacitazioni&#8221;"},"content":{"rendered":"<p><span style=\"font-weight: 400;\">La<\/span><b>\u00a0Fondazione di Comunit\u00e0 di Messina<\/b><span style=\"font-weight: 400;\">\u00a0sperimenta paradigmi economici capaci di porre come vincoli esterni alla logica di massimizzazione del profitto la progressiva espansione delle libert\u00e0 sostanziali delle persone pi\u00f9 fragili, la costruzione di capitale e coesione sociale, la sostenibilit\u00e0 ambientale e lo svelamento e creazione di \u201cbellezza\u201d.<\/span><\/p>\n<p><span style=\"font-weight: 400;\">Da un punto di vista strategico-funzionale la Fondazione opera ispirandosi esplicitamente al \u201c<\/span><b>Capability Approach<\/b><span style=\"font-weight: 400;\">\u201d (Approccio alle Capacitazioni) di\u00a0<\/span><b>Amartya Sen<\/b><span style=\"font-weight: 400;\">.\u00a0<\/span><\/p>\n<p>&nbsp;<\/p>\n<p><span style=\"font-weight: 400;\">Per approfondire clicca qui:<\/span><\/p>\n<p><a href=\"https:\/\/fdcmessina.org\/il-capability-approach\/\"><span style=\"font-weight: 400;\">Il Capability Approach<\/span><\/a><\/p>\n","protected":false},"excerpt":{"rendered":"<p>La\u00a0Fondazione di Comunit\u00e0 di Messina\u00a0sperimenta paradigmi economici capaci di porre come vincoli esterni alla logica di massimizzazione del profitto la progressiva espansione delle libert\u00e0 sostanziali delle persone pi\u00f9 fragili, la<\/p>\n","protected":false},"author":1,"featured_media":0,"parent":0,"menu_order":19,"comment_status":"closed","ping_status":"closed","template":"","meta":{"footnotes":""},"class_list":["post-2508","page","type-page","status-publish","hentry"],"_links":{"self":[{"href":"https:\/\/www.ilserveronline.net\/fdc2020\/wp-json\/wp\/v2\/pages\/2508","targetHints":{"allow":["GET"]}}],"collection":[{"href":"https:\/\/www.ilserveronline.net\/fdc2020\/wp-json\/wp\/v2\/pages"}],"about":[{"href":"https:\/\/www.ilserveronline.net\/fdc2020\/wp-json\/wp\/v2\/types\/page"}],"author":[{"embeddable":true,"href":"https:\/\/www.ilserveronline.net\/fdc2020\/wp-json\/wp\/v2\/users\/1"}],"replies":[{"embeddable":true,"href":"https:\/\/www.ilserveronline.net\/fdc2020\/wp-json\/wp\/v2\/comments?post=2508"}],"version-history":[{"count":2,"href":"https:\/\/www.ilserveronline.net\/fdc2020\/wp-json\/wp\/v2\/pages\/2508\/revisions"}],"predecessor-version":[{"id":2520,"href":"https:\/\/www.ilserveronline.net\/fdc2020\/wp-json\/wp\/v2\/pages\/2508\/revisions\/2520"}],"wp:attachment":[{"href":"https:\/\/www.ilserveronline.net\/fdc2020\/wp-json\/wp\/v2\/media?parent=2508"}],"curies":[{"name":"wp","href":"https:\/\/api.w.org\/{rel}","templated":true}]}}