{"id":2506,"date":"2021-12-14T09:15:18","date_gmt":"2021-12-14T08:15:18","guid":{"rendered":"http:\/\/www.ilserveronline.net\/fdc2020\/?page_id=2506"},"modified":"2021-12-14T10:28:14","modified_gmt":"2021-12-14T09:28:14","slug":"oltre-la-filantropia-tradizionale-finalita-e-policy","status":"publish","type":"page","link":"https:\/\/www.ilserveronline.net\/fdc2020\/oltre-la-filantropia-tradizionale-finalita-e-policy\/","title":{"rendered":"Finalit\u00e0 e policy"},"content":{"rendered":"<p><span style=\"font-weight: 400;\">Le dinamiche delle comunit\u00e0 locali e dei territori sono caotiche, nel senso scientifico del termine: una fluttuazione generativa pu\u00f2, in determinate condizioni, far divergere il corso della storia di comunit\u00e0 locali modificando trend negativi, che sembrano ineluttabili.<\/span><\/p>\n<p><span style=\"font-weight: 400;\">Il senso dell\u2019agire della Fondazione di Comunit\u00e0 di Messina \u00e8 proprio attivare sui territori di riferimento iniziative sistemiche, durature, di livello internazionale che possano costituire l&#8217;evento permanente attorno a cui ripensare elementi di sviluppo del territorio.<\/span><\/p>\n<p><span style=\"font-weight: 400;\">Il contesto \u201cestremo\u201d che stiamo vivendo e che vivremo nei prossimi decenni impone l\u2019urgente necessit\u00e0 che l\u2019umanit\u00e0 generi da s\u00e9 stessa una vera e propria metamorfosi, sviluppando un nuovo umanesimo delle relazioni e approcci paradigmatici che tengano conto del concetto di \u201climite\u201d.<\/span><\/p>\n<p><span style=\"font-weight: 400;\">Una strategia operativa capace di tentare processi di metamorfosi deve necessariamente prevedere la trasformazione:<\/span><\/p>\n<p><span style=\"font-weight: 400;\">\u00a0<\/span><\/p>\n<ul>\n<li style=\"font-weight: 400;\" aria-level=\"1\"><span style=\"font-weight: 400;\">del paradigma economico-sociale<\/span><\/li>\n<li style=\"font-weight: 400;\" aria-level=\"1\"><span style=\"font-weight: 400;\">del sistema della conoscenza<\/span><\/li>\n<li style=\"font-weight: 400;\" aria-level=\"1\"><span style=\"font-weight: 400;\">dei modelli energetici<\/span><\/li>\n<li style=\"font-weight: 400;\" aria-level=\"1\"><span style=\"font-weight: 400;\">dei modelli di governance locali e globali<\/span><\/li>\n<\/ul>\n<p><span style=\"font-weight: 400;\">Appare a questo punto evidente perch\u00e9 la Fondazione siciliana ha scelto di superare la logica della filantropia tradizionale e nasce con l\u2019obiettivo esplicito di promuovere giustizia sociale e sviluppo economico ed umano nei territori in cui opera. Essa nasce per elaborare, promuovere e sperimentare nuovi approcci economico-sociali pazienti, maschili e femminili, che lottano le mafie, dove gli esclusi dallo sviluppo trovano cittadinanza, capaci di andare oltre quel pensiero unico che ha progressivamente allontanato il nostro Paese dai principi costituzionali di eguaglianza, libert\u00e0 e rispetto della dignit\u00e0 di ogni essere umano.<\/span><\/p>\n<p><span style=\"font-weight: 400;\">Coerentemente, la principale finalit\u00e0 statutaria della Fondazione \u00e8 quella di promuovere sviluppo umano sostenibile, favorendo la creazione di interconnessioni feconde fra sistema di welfare, sistema culturale, sistema produttivo, programmi di ricerca e di trasferimento tecnologico finalizzati al potenziamento dell\u2019economia sociale e solidale, azioni mirate all\u2019attrazione di talenti creativi e scientifici, programmi complessi di rigenerazione urbana e di riqualificazione dei beni comuni e alla valorizzazione delle <\/span><i><span style=\"font-weight: 400;\">social capabilities<\/span><\/i><span style=\"font-weight: 400;\"> dei territori.<\/span><\/p>\n","protected":false},"excerpt":{"rendered":"<p>Le dinamiche delle comunit\u00e0 locali e dei territori sono caotiche, nel senso scientifico del termine: una fluttuazione generativa pu\u00f2, in determinate condizioni, far divergere il corso della storia di comunit\u00e0<\/p>\n","protected":false},"author":1,"featured_media":0,"parent":0,"menu_order":21,"comment_status":"closed","ping_status":"closed","template":"","meta":{"footnotes":""},"class_list":["post-2506","page","type-page","status-publish","hentry"],"_links":{"self":[{"href":"https:\/\/www.ilserveronline.net\/fdc2020\/wp-json\/wp\/v2\/pages\/2506","targetHints":{"allow":["GET"]}}],"collection":[{"href":"https:\/\/www.ilserveronline.net\/fdc2020\/wp-json\/wp\/v2\/pages"}],"about":[{"href":"https:\/\/www.ilserveronline.net\/fdc2020\/wp-json\/wp\/v2\/types\/page"}],"author":[{"embeddable":true,"href":"https:\/\/www.ilserveronline.net\/fdc2020\/wp-json\/wp\/v2\/users\/1"}],"replies":[{"embeddable":true,"href":"https:\/\/www.ilserveronline.net\/fdc2020\/wp-json\/wp\/v2\/comments?post=2506"}],"version-history":[{"count":3,"href":"https:\/\/www.ilserveronline.net\/fdc2020\/wp-json\/wp\/v2\/pages\/2506\/revisions"}],"predecessor-version":[{"id":2546,"href":"https:\/\/www.ilserveronline.net\/fdc2020\/wp-json\/wp\/v2\/pages\/2506\/revisions\/2546"}],"wp:attachment":[{"href":"https:\/\/www.ilserveronline.net\/fdc2020\/wp-json\/wp\/v2\/media?parent=2506"}],"curies":[{"name":"wp","href":"https:\/\/api.w.org\/{rel}","templated":true}]}}