{"id":2498,"date":"2021-12-14T09:10:58","date_gmt":"2021-12-14T08:10:58","guid":{"rendered":"http:\/\/www.ilserveronline.net\/fdc2020\/?page_id=2498"},"modified":"2021-12-14T09:21:54","modified_gmt":"2021-12-14T08:21:54","slug":"i-flussi-globali-2","status":"publish","type":"page","link":"https:\/\/www.ilserveronline.net\/fdc2020\/i-flussi-globali-2\/","title":{"rendered":"I Flussi Globali"},"content":{"rendered":"<p>Il paradigma socio-economico dominante, fondato su ipotesi antropologiche hobbesiane di\u00a0egoismo economico, ha progressivamente creato separatezza fra la sfera economica e le altre dimensioni del sapere e dell&#8217;agire umano. In questa prospettiva la societ\u00e0 individualistica, centrata sul pensiero dell&#8217;economia politica, non persegue una specifica concezione del bene e sancisce che n\u00e9 i diritti individuali possono essere sacrificati a vantaggio del bene comune, n\u00e9 i principi di giustizia e responsabilit\u00e0 ambientale, che oggi specificano quei diritti, possono essere basati su una qualche nozione di solidariet\u00e0, fraternit\u00e0 o sostenibilit\u00e0.<\/p>\n<p>&nbsp;<\/p>\n<p>Per approfondire clicca qui:<\/p>\n<p><a href=\"https:\/\/www.ilserveronline.net\/fdc2020\/i-flussi-globali\/\">I flussi globali<\/a><\/p>\n","protected":false},"excerpt":{"rendered":"<p>Il paradigma socio-economico dominante, fondato su ipotesi antropologiche hobbesiane di\u00a0egoismo economico, ha progressivamente creato separatezza fra la sfera economica e le altre dimensioni del sapere e dell&#8217;agire umano. In questa<\/p>\n","protected":false},"author":1,"featured_media":0,"parent":0,"menu_order":24,"comment_status":"closed","ping_status":"closed","template":"","meta":{"footnotes":""},"class_list":["post-2498","page","type-page","status-publish","hentry"],"_links":{"self":[{"href":"https:\/\/www.ilserveronline.net\/fdc2020\/wp-json\/wp\/v2\/pages\/2498","targetHints":{"allow":["GET"]}}],"collection":[{"href":"https:\/\/www.ilserveronline.net\/fdc2020\/wp-json\/wp\/v2\/pages"}],"about":[{"href":"https:\/\/www.ilserveronline.net\/fdc2020\/wp-json\/wp\/v2\/types\/page"}],"author":[{"embeddable":true,"href":"https:\/\/www.ilserveronline.net\/fdc2020\/wp-json\/wp\/v2\/users\/1"}],"replies":[{"embeddable":true,"href":"https:\/\/www.ilserveronline.net\/fdc2020\/wp-json\/wp\/v2\/comments?post=2498"}],"version-history":[{"count":3,"href":"https:\/\/www.ilserveronline.net\/fdc2020\/wp-json\/wp\/v2\/pages\/2498\/revisions"}],"predecessor-version":[{"id":2516,"href":"https:\/\/www.ilserveronline.net\/fdc2020\/wp-json\/wp\/v2\/pages\/2498\/revisions\/2516"}],"wp:attachment":[{"href":"https:\/\/www.ilserveronline.net\/fdc2020\/wp-json\/wp\/v2\/media?parent=2498"}],"curies":[{"name":"wp","href":"https:\/\/api.w.org\/{rel}","templated":true}]}}