{"id":2034,"date":"2021-09-13T18:40:08","date_gmt":"2021-09-13T16:40:08","guid":{"rendered":"http:\/\/www.ilserveronline.net\/fdc2020\/?page_id=2034"},"modified":"2021-09-17T18:56:48","modified_gmt":"2021-09-17T16:56:48","slug":"ecos-med","status":"publish","type":"page","link":"https:\/\/www.ilserveronline.net\/fdc2020\/i-fondatori\/ecos-med\/","title":{"rendered":"Ecos-Med"},"content":{"rendered":"<div align=\"justify\">\n<p><strong>Ecos-Med<\/strong> nasce nel 1998 dal bisogno di creare spazi di relazione fra persone, associazioni, pezzi etici dell\u2019economia meridionale, intere comunit\u00e0 ed i luoghi istituzionali dell\u2019auto-organizzazione delle citt\u00e0.<\/p>\n<p>Facilitare collegamenti, valorizzando competenze e progettualit\u00e0, rende possibile la promozione della giustizia sociale e di nuovi modelli di sviluppo locale sostenibile.<\/p>\n<p>In questa prospettiva, Ecos-Med vuole essere un luogo dove il disagio personale e di comunit\u00e0 esce dalla solitudine emarginante ed entra in relazione feconda con altre realt\u00e0, con competenze differenti e con saperi multidisciplinari per divenire possibilit\u00e0 concreta di partecipazione, di co-progettazione, di inclusione senza omologazione.<\/p>\n<p>La prospettiva strategica dell\u2019agire di Ecos-Med \u00e8 dunque quella del welfare comunitario: da una parte si promuovono sistemi socio-economico etici e dall\u2019altra, attraverso progetti personalizzati, si concretizzano politiche sociali emancipatorie secondo gli assi di intervento dell\u2019abitare, della socializzazione, del lavoro e della formazione permanente.<\/p>\n<p>Negli anni precedenti alla costituzione della Fondazione di Comunit\u00e0 di Messina, Ecos-Med ha promosso i cluster socio economici co-fondatori della stessa Fondazione. Oggi \u00e8 il principale Ente Attuatore delle <em>policy<\/em> della Fondazione.<\/p>\n<p>Negli spazi di <a href=\"https:\/\/www.ilserveronline.net\/fdc2020\/i-luoghi\/il-parco-sociale-di-forte-petrazza\/\">Forte Petrazza<\/a> ha attivato un laboratorio di design, punto di riferimento per tutto il <a href=\"https:\/\/www.ilserveronline.net\/fdc2020\/distretto-sociale-evoluto\/\">DSE<\/a>, con due spazi produttivi: ceramica, giochi per bambini e manufatti funzionanti con tecnologie prototipali di microgenerazione energetica da materiale organico.<\/p>\n<\/div>\n","protected":false},"excerpt":{"rendered":"<p>Ecos-Med nasce nel 1998 dal bisogno di creare spazi di relazione fra persone, associazioni, pezzi etici dell\u2019economia meridionale, intere comunit\u00e0 ed i luoghi istituzionali dell\u2019auto-organizzazione delle citt\u00e0. Facilitare collegamenti, valorizzando<\/p>\n","protected":false},"author":2,"featured_media":2031,"parent":76,"menu_order":40,"comment_status":"closed","ping_status":"closed","template":"","meta":{"footnotes":""},"class_list":["post-2034","page","type-page","status-publish","has-post-thumbnail","hentry"],"_links":{"self":[{"href":"https:\/\/www.ilserveronline.net\/fdc2020\/wp-json\/wp\/v2\/pages\/2034","targetHints":{"allow":["GET"]}}],"collection":[{"href":"https:\/\/www.ilserveronline.net\/fdc2020\/wp-json\/wp\/v2\/pages"}],"about":[{"href":"https:\/\/www.ilserveronline.net\/fdc2020\/wp-json\/wp\/v2\/types\/page"}],"author":[{"embeddable":true,"href":"https:\/\/www.ilserveronline.net\/fdc2020\/wp-json\/wp\/v2\/users\/2"}],"replies":[{"embeddable":true,"href":"https:\/\/www.ilserveronline.net\/fdc2020\/wp-json\/wp\/v2\/comments?post=2034"}],"version-history":[{"count":5,"href":"https:\/\/www.ilserveronline.net\/fdc2020\/wp-json\/wp\/v2\/pages\/2034\/revisions"}],"predecessor-version":[{"id":2282,"href":"https:\/\/www.ilserveronline.net\/fdc2020\/wp-json\/wp\/v2\/pages\/2034\/revisions\/2282"}],"up":[{"embeddable":true,"href":"https:\/\/www.ilserveronline.net\/fdc2020\/wp-json\/wp\/v2\/pages\/76"}],"wp:featuredmedia":[{"embeddable":true,"href":"https:\/\/www.ilserveronline.net\/fdc2020\/wp-json\/wp\/v2\/media\/2031"}],"wp:attachment":[{"href":"https:\/\/www.ilserveronline.net\/fdc2020\/wp-json\/wp\/v2\/media?parent=2034"}],"curies":[{"name":"wp","href":"https:\/\/api.w.org\/{rel}","templated":true}]}}